{"id":2048,"date":"2024-07-03T11:57:21","date_gmt":"2024-07-03T11:57:21","guid":{"rendered":"https:\/\/www.nucapsnanotechnology.com\/?page_id=2048"},"modified":"2026-03-27T13:40:04","modified_gmt":"2026-03-27T13:40:04","slug":"home","status":"publish","type":"page","link":"https:\/\/www.nucapsnanotechnology.com\/es\/","title":{"rendered":"Home"},"content":{"rendered":"<h2>Mejorando el perfil nutricional<br \/>\ny el sabor de alimentos y suplementos<\/h2>\n<p data-start=\"0\" data-end=\"379\"><strong data-start=\"75\" data-end=\"85\">NUCAPS<\/strong> es una empresa biotecnol\u00f3gica internacional que desarrolla y produce una nueva generaci\u00f3n de ingredientes funcionales: <strong data-start=\"205\" data-end=\"264\">bioactivos y probi\u00f3ticos microencapsulados en prote\u00ednas<\/strong>, con funcionalidades mejoradas en t\u00e9rminos de <strong data-start=\"311\" data-end=\"347\">valor nutricional, coste y sabor<\/strong>, logrando un impacto real en la salud humana.<\/p>\n<p data-start=\"397\" data-end=\"518\">Formamos parte de una nueva sociedad m\u00e1s consciente y comprometida, y trabajamos para generar un impacto social positivo.<\/p>\n<p data-start=\"520\" data-end=\"711\">En NUCAPS mejoramos la <strong data-start=\"543\" data-end=\"567\">Nutrici\u00f3n y la Salud<\/strong> de las personas ayudando a producir mejores alimentos, suplementos y medicamentos. Lo hacemos haciendo que los ingredientes nutricionales sean: m\u00e1s estables, m\u00e1s f\u00e1ciles de absorber, m\u00e1s saludables y m\u00e1s naturales.<\/p>\n<p data-start=\"615\" data-end=\"792\" data-is-last-node=\"\" data-is-only-node=\"\">Somos la <strong data-start=\"813\" data-end=\"856\">primera plataforma industrial del mundo<\/strong> para el desarrollo de ingredientes funcionales que aprovecha la <strong data-start=\"921\" data-end=\"963\">microencapsulaci\u00f3n basada en prote\u00ednas<\/strong> para proteger y optimizar activos, probi\u00f3ticos y saborizantes.<\/p>\n<p data-start=\"615\" data-end=\"792\" data-is-last-node=\"\" data-is-only-node=\"\">\n","protected":false},"excerpt":{"rendered":"<h1><strong>nu<\/strong>caps<\/h1>\n<p>natural nanotechnology<br \/>\nfor nutrition and health<\/p>\n","protected":false},"author":1,"featured_media":0,"parent":0,"menu_order":1,"comment_status":"closed","ping_status":"closed","template":"templates\/home.php","meta":{"_acf_changed":false,"inline_featured_image":false,"footnotes":""},"class_list":["post-2048","page","type-page","status-publish","hentry"],"acf":[],"yoast_head":"<!-- This site is optimized with the Yoast SEO plugin v27.2 - https:\/\/yoast.com\/product\/yoast-seo-wordpress\/ -->\n<title>Nucaps. Natural Nanotechnology for nutrition and health<\/title>\n<meta name=\"description\" content=\"Nucaps\u00ae offer a new encapsulation technology for the industrial development of Nanocapsules and Biocapsules for bioactives and probiotics.\" \/>\n<meta name=\"robots\" content=\"index, follow, max-snippet:-1, max-image-preview:large, max-video-preview:-1\" \/>\n<link rel=\"canonical\" href=\"https:\/\/www.nucapsnanotechnology.com\/es\/\" \/>\n<meta property=\"og:locale\" content=\"es_ES\" \/>\n<meta property=\"og:type\" content=\"article\" \/>\n<meta property=\"og:title\" content=\"Nucaps. Natural Nanotechnology for nutrition and health\" \/>\n<meta property=\"og:description\" content=\"Nucaps\u00ae offer a new encapsulation technology for the industrial development of Nanocapsules and Biocapsules for bioactives and probiotics.\" \/>\n<meta property=\"og:url\" content=\"https:\/\/www.nucapsnanotechnology.com\/es\/\" \/>\n<meta property=\"og:site_name\" content=\"Nucaps. Health inside\" \/>\n<meta property=\"article:publisher\" content=\"https:\/\/www.facebook.com\/nucaps.nanotecnologia\" \/>\n<meta property=\"article:modified_time\" content=\"2026-03-27T13:40:04+00:00\" \/>\n<meta property=\"og:image\" content=\"https:\/\/www.nucapsnanotechnology.com\/wp-content\/uploads\/2023\/02\/screenshot.png\" \/>\n\t<meta property=\"og:image:width\" content=\"1200\" \/>\n\t<meta property=\"og:image:height\" content=\"900\" \/>\n\t<meta property=\"og:image:type\" content=\"image\/png\" \/>\n<meta name=\"twitter:card\" content=\"summary_large_image\" \/>\n<meta name=\"twitter:site\" content=\"@nucaps_nano\" \/>\n<meta name=\"twitter:label1\" content=\"Tiempo de lectura\" \/>\n\t<meta name=\"twitter:data1\" content=\"1 minuto\" \/>\n<script type=\"application\/ld+json\" class=\"yoast-schema-graph\">{\"@context\":\"https:\/\/schema.org\",\"@graph\":[{\"@type\":\"WebPage\",\"@id\":\"https:\/\/www.nucapsnanotechnology.com\/es\/\",\"url\":\"https:\/\/www.nucapsnanotechnology.com\/es\/\",\"name\":\"Nucaps. Natural Nanotechnology for nutrition and health\",\"isPartOf\":{\"@id\":\"https:\/\/www.nucapsnanotechnology.com\/#website\"},\"datePublished\":\"2024-07-03T11:57:21+00:00\",\"dateModified\":\"2026-03-27T13:40:04+00:00\",\"description\":\"Nucaps\u00ae offer a new encapsulation technology for the industrial development of Nanocapsules and Biocapsules for bioactives and probiotics.\",\"breadcrumb\":{\"@id\":\"https:\/\/www.nucapsnanotechnology.com\/es\/#breadcrumb\"},\"inLanguage\":\"es\",\"potentialAction\":[{\"@type\":\"ReadAction\",\"target\":[\"https:\/\/www.nucapsnanotechnology.com\/es\/\"]}]},{\"@type\":\"BreadcrumbList\",\"@id\":\"https:\/\/www.nucapsnanotechnology.com\/es\/#breadcrumb\",\"itemListElement\":[{\"@type\":\"ListItem\",\"position\":1,\"name\":\"Portada\",\"item\":\"https:\/\/www.nucapsnanotechnology.com\/es\/\"},{\"@type\":\"ListItem\",\"position\":2,\"name\":\"Home\"}]},{\"@type\":\"WebSite\",\"@id\":\"https:\/\/www.nucapsnanotechnology.com\/#website\",\"url\":\"https:\/\/www.nucapsnanotechnology.com\/\",\"name\":\"Nucaps. Health inside\",\"description\":\"Natural Nanotechnology for Nutrition and Health\",\"potentialAction\":[{\"@type\":\"SearchAction\",\"target\":{\"@type\":\"EntryPoint\",\"urlTemplate\":\"https:\/\/www.nucapsnanotechnology.com\/?s={search_term_string}\"},\"query-input\":{\"@type\":\"PropertyValueSpecification\",\"valueRequired\":true,\"valueName\":\"search_term_string\"}}],\"inLanguage\":\"es\"}]}<\/script>\n<!-- \/ Yoast SEO plugin. -->","yoast_head_json":{"title":"Nucaps. Natural Nanotechnology for nutrition and health","description":"Nucaps\u00ae offer a new encapsulation technology for the industrial development of Nanocapsules and Biocapsules for bioactives and probiotics.","robots":{"index":"index","follow":"follow","max-snippet":"max-snippet:-1","max-image-preview":"max-image-preview:large","max-video-preview":"max-video-preview:-1"},"canonical":"https:\/\/www.nucapsnanotechnology.com\/es\/","og_locale":"es_ES","og_type":"article","og_title":"Nucaps. Natural Nanotechnology for nutrition and health","og_description":"Nucaps\u00ae offer a new encapsulation technology for the industrial development of Nanocapsules and Biocapsules for bioactives and probiotics.","og_url":"https:\/\/www.nucapsnanotechnology.com\/es\/","og_site_name":"Nucaps. Health inside","article_publisher":"https:\/\/www.facebook.com\/nucaps.nanotecnologia","article_modified_time":"2026-03-27T13:40:04+00:00","og_image":[{"width":1200,"height":900,"url":"https:\/\/www.nucapsnanotechnology.com\/wp-content\/uploads\/2023\/02\/screenshot.png","type":"image\/png"}],"twitter_card":"summary_large_image","twitter_site":"@nucaps_nano","twitter_misc":{"Tiempo de lectura":"1 minuto"},"schema":{"@context":"https:\/\/schema.org","@graph":[{"@type":"WebPage","@id":"https:\/\/www.nucapsnanotechnology.com\/es\/","url":"https:\/\/www.nucapsnanotechnology.com\/es\/","name":"Nucaps. Natural Nanotechnology for nutrition and health","isPartOf":{"@id":"https:\/\/www.nucapsnanotechnology.com\/#website"},"datePublished":"2024-07-03T11:57:21+00:00","dateModified":"2026-03-27T13:40:04+00:00","description":"Nucaps\u00ae offer a new encapsulation technology for the industrial development of Nanocapsules and Biocapsules for bioactives and probiotics.","breadcrumb":{"@id":"https:\/\/www.nucapsnanotechnology.com\/es\/#breadcrumb"},"inLanguage":"es","potentialAction":[{"@type":"ReadAction","target":["https:\/\/www.nucapsnanotechnology.com\/es\/"]}]},{"@type":"BreadcrumbList","@id":"https:\/\/www.nucapsnanotechnology.com\/es\/#breadcrumb","itemListElement":[{"@type":"ListItem","position":1,"name":"Portada","item":"https:\/\/www.nucapsnanotechnology.com\/es\/"},{"@type":"ListItem","position":2,"name":"Home"}]},{"@type":"WebSite","@id":"https:\/\/www.nucapsnanotechnology.com\/#website","url":"https:\/\/www.nucapsnanotechnology.com\/","name":"Nucaps. Health inside","description":"Natural Nanotechnology for Nutrition and Health","potentialAction":[{"@type":"SearchAction","target":{"@type":"EntryPoint","urlTemplate":"https:\/\/www.nucapsnanotechnology.com\/?s={search_term_string}"},"query-input":{"@type":"PropertyValueSpecification","valueRequired":true,"valueName":"search_term_string"}}],"inLanguage":"es"}]}},"_links":{"self":[{"href":"https:\/\/www.nucapsnanotechnology.com\/es\/wp-json\/wp\/v2\/pages\/2048","targetHints":{"allow":["GET"]}}],"collection":[{"href":"https:\/\/www.nucapsnanotechnology.com\/es\/wp-json\/wp\/v2\/pages"}],"about":[{"href":"https:\/\/www.nucapsnanotechnology.com\/es\/wp-json\/wp\/v2\/types\/page"}],"author":[{"embeddable":true,"href":"https:\/\/www.nucapsnanotechnology.com\/es\/wp-json\/wp\/v2\/users\/1"}],"replies":[{"embeddable":true,"href":"https:\/\/www.nucapsnanotechnology.com\/es\/wp-json\/wp\/v2\/comments?post=2048"}],"version-history":[{"count":24,"href":"https:\/\/www.nucapsnanotechnology.com\/es\/wp-json\/wp\/v2\/pages\/2048\/revisions"}],"predecessor-version":[{"id":3632,"href":"https:\/\/www.nucapsnanotechnology.com\/es\/wp-json\/wp\/v2\/pages\/2048\/revisions\/3632"}],"wp:attachment":[{"href":"https:\/\/www.nucapsnanotechnology.com\/es\/wp-json\/wp\/v2\/media?parent=2048"}],"curies":[{"name":"wp","href":"https:\/\/api.w.org\/{rel}","templated":true}]}}