{"id":2055,"date":"2024-07-03T12:11:04","date_gmt":"2024-07-03T12:11:04","guid":{"rendered":"https:\/\/www.nucapsnanotechnology.com\/?page_id=2055"},"modified":"2026-03-17T10:20:45","modified_gmt":"2026-03-17T10:20:45","slug":"innovacion","status":"publish","type":"page","link":"https:\/\/www.nucapsnanotechnology.com\/es\/innovacion\/","title":{"rendered":"Innovaci\u00f3n"},"content":{"rendered":"\n<p>En NUCAPS llevamos m\u00e1s de 5 a\u00f1os desarrollando y produciendo un nuevo tipo de ingredientes funcionales. A lo largo de todo este tiempo, y gracias a nuestro firme compromiso con la innovaci\u00f3n, hemos logrado estar presentes en m\u00e1s de 20 pa\u00edses de todo el mundo, con 7 familias de patentes internacionales y cerca de 47 proyectos activos de I+D.<\/p>\n\n\n\n<p><\/p>\n","protected":false},"excerpt":{"rendered":"<p>En NUCAPS llevamos m\u00e1s de 5 a\u00f1os desarrollando y produciendo un nuevo tipo de ingredientes funcionales. A lo largo de todo este tiempo, y gracias a nuestro firme compromiso con la innovaci\u00f3n, hemos logrado estar presentes en m\u00e1s de 20 pa\u00edses de todo el mundo, con 7 familias de patentes internacionales y cerca de 47 [&hellip;]<\/p>\n","protected":false},"author":1,"featured_media":0,"parent":0,"menu_order":3,"comment_status":"closed","ping_status":"closed","template":"templates\/innovacion.php","meta":{"_acf_changed":false,"inline_featured_image":false,"footnotes":""},"class_list":["post-2055","page","type-page","status-publish","hentry"],"acf":[],"yoast_head":"<!-- This site is optimized with the Yoast SEO plugin v27.2 - https:\/\/yoast.com\/product\/yoast-seo-wordpress\/ -->\n<title>Innovaci\u00f3n - Nucaps. Health inside<\/title>\n<meta name=\"robots\" content=\"index, follow, max-snippet:-1, max-image-preview:large, max-video-preview:-1\" \/>\n<link rel=\"canonical\" href=\"https:\/\/www.nucapsnanotechnology.com\/es\/innovacion\/\" \/>\n<meta property=\"og:locale\" content=\"es_ES\" \/>\n<meta property=\"og:type\" content=\"article\" \/>\n<meta property=\"og:title\" content=\"Innovaci\u00f3n - Nucaps. Health inside\" \/>\n<meta property=\"og:description\" content=\"En NUCAPS llevamos m\u00e1s de 5 a\u00f1os desarrollando y produciendo un nuevo tipo de ingredientes funcionales. A lo largo de todo este tiempo, y gracias a nuestro firme compromiso con la innovaci\u00f3n, hemos logrado estar presentes en m\u00e1s de 20 pa\u00edses de todo el mundo, con 7 familias de patentes internacionales y cerca de 47 [&hellip;]\" \/>\n<meta property=\"og:url\" content=\"https:\/\/www.nucapsnanotechnology.com\/es\/innovacion\/\" \/>\n<meta property=\"og:site_name\" content=\"Nucaps. Health inside\" \/>\n<meta property=\"article:publisher\" content=\"https:\/\/www.facebook.com\/nucaps.nanotecnologia\" \/>\n<meta property=\"article:modified_time\" content=\"2026-03-17T10:20:45+00:00\" \/>\n<meta property=\"og:image\" content=\"https:\/\/www.nucapsnanotechnology.com\/wp-content\/uploads\/2023\/02\/screenshot.png\" \/>\n\t<meta property=\"og:image:width\" content=\"1200\" \/>\n\t<meta property=\"og:image:height\" content=\"900\" \/>\n\t<meta property=\"og:image:type\" content=\"image\/png\" \/>\n<meta name=\"twitter:card\" content=\"summary_large_image\" \/>\n<meta name=\"twitter:site\" content=\"@nucaps_nano\" \/>\n<script type=\"application\/ld+json\" class=\"yoast-schema-graph\">{\"@context\":\"https:\/\/schema.org\",\"@graph\":[{\"@type\":\"WebPage\",\"@id\":\"https:\/\/www.nucapsnanotechnology.com\/es\/innovacion\/\",\"url\":\"https:\/\/www.nucapsnanotechnology.com\/es\/innovacion\/\",\"name\":\"Innovaci\u00f3n - Nucaps. Health inside\",\"isPartOf\":{\"@id\":\"https:\/\/www.nucapsnanotechnology.com\/#website\"},\"datePublished\":\"2024-07-03T12:11:04+00:00\",\"dateModified\":\"2026-03-17T10:20:45+00:00\",\"breadcrumb\":{\"@id\":\"https:\/\/www.nucapsnanotechnology.com\/es\/innovacion\/#breadcrumb\"},\"inLanguage\":\"es\",\"potentialAction\":[{\"@type\":\"ReadAction\",\"target\":[\"https:\/\/www.nucapsnanotechnology.com\/es\/innovacion\/\"]}]},{\"@type\":\"BreadcrumbList\",\"@id\":\"https:\/\/www.nucapsnanotechnology.com\/es\/innovacion\/#breadcrumb\",\"itemListElement\":[{\"@type\":\"ListItem\",\"position\":1,\"name\":\"Portada\",\"item\":\"https:\/\/www.nucapsnanotechnology.com\/es\/\"},{\"@type\":\"ListItem\",\"position\":2,\"name\":\"Innovaci\u00f3n\"}]},{\"@type\":\"WebSite\",\"@id\":\"https:\/\/www.nucapsnanotechnology.com\/#website\",\"url\":\"https:\/\/www.nucapsnanotechnology.com\/\",\"name\":\"Nucaps. Health inside\",\"description\":\"Natural Nanotechnology for Nutrition and Health\",\"potentialAction\":[{\"@type\":\"SearchAction\",\"target\":{\"@type\":\"EntryPoint\",\"urlTemplate\":\"https:\/\/www.nucapsnanotechnology.com\/?s={search_term_string}\"},\"query-input\":{\"@type\":\"PropertyValueSpecification\",\"valueRequired\":true,\"valueName\":\"search_term_string\"}}],\"inLanguage\":\"es\"}]}<\/script>\n<!-- \/ Yoast SEO plugin. -->","yoast_head_json":{"title":"Innovaci\u00f3n - Nucaps. Health inside","robots":{"index":"index","follow":"follow","max-snippet":"max-snippet:-1","max-image-preview":"max-image-preview:large","max-video-preview":"max-video-preview:-1"},"canonical":"https:\/\/www.nucapsnanotechnology.com\/es\/innovacion\/","og_locale":"es_ES","og_type":"article","og_title":"Innovaci\u00f3n - Nucaps. Health inside","og_description":"En NUCAPS llevamos m\u00e1s de 5 a\u00f1os desarrollando y produciendo un nuevo tipo de ingredientes funcionales. A lo largo de todo este tiempo, y gracias a nuestro firme compromiso con la innovaci\u00f3n, hemos logrado estar presentes en m\u00e1s de 20 pa\u00edses de todo el mundo, con 7 familias de patentes internacionales y cerca de 47 [&hellip;]","og_url":"https:\/\/www.nucapsnanotechnology.com\/es\/innovacion\/","og_site_name":"Nucaps. Health inside","article_publisher":"https:\/\/www.facebook.com\/nucaps.nanotecnologia","article_modified_time":"2026-03-17T10:20:45+00:00","og_image":[{"width":1200,"height":900,"url":"https:\/\/www.nucapsnanotechnology.com\/wp-content\/uploads\/2023\/02\/screenshot.png","type":"image\/png"}],"twitter_card":"summary_large_image","twitter_site":"@nucaps_nano","schema":{"@context":"https:\/\/schema.org","@graph":[{"@type":"WebPage","@id":"https:\/\/www.nucapsnanotechnology.com\/es\/innovacion\/","url":"https:\/\/www.nucapsnanotechnology.com\/es\/innovacion\/","name":"Innovaci\u00f3n - Nucaps. Health inside","isPartOf":{"@id":"https:\/\/www.nucapsnanotechnology.com\/#website"},"datePublished":"2024-07-03T12:11:04+00:00","dateModified":"2026-03-17T10:20:45+00:00","breadcrumb":{"@id":"https:\/\/www.nucapsnanotechnology.com\/es\/innovacion\/#breadcrumb"},"inLanguage":"es","potentialAction":[{"@type":"ReadAction","target":["https:\/\/www.nucapsnanotechnology.com\/es\/innovacion\/"]}]},{"@type":"BreadcrumbList","@id":"https:\/\/www.nucapsnanotechnology.com\/es\/innovacion\/#breadcrumb","itemListElement":[{"@type":"ListItem","position":1,"name":"Portada","item":"https:\/\/www.nucapsnanotechnology.com\/es\/"},{"@type":"ListItem","position":2,"name":"Innovaci\u00f3n"}]},{"@type":"WebSite","@id":"https:\/\/www.nucapsnanotechnology.com\/#website","url":"https:\/\/www.nucapsnanotechnology.com\/","name":"Nucaps. Health inside","description":"Natural Nanotechnology for Nutrition and Health","potentialAction":[{"@type":"SearchAction","target":{"@type":"EntryPoint","urlTemplate":"https:\/\/www.nucapsnanotechnology.com\/?s={search_term_string}"},"query-input":{"@type":"PropertyValueSpecification","valueRequired":true,"valueName":"search_term_string"}}],"inLanguage":"es"}]}},"_links":{"self":[{"href":"https:\/\/www.nucapsnanotechnology.com\/es\/wp-json\/wp\/v2\/pages\/2055","targetHints":{"allow":["GET"]}}],"collection":[{"href":"https:\/\/www.nucapsnanotechnology.com\/es\/wp-json\/wp\/v2\/pages"}],"about":[{"href":"https:\/\/www.nucapsnanotechnology.com\/es\/wp-json\/wp\/v2\/types\/page"}],"author":[{"embeddable":true,"href":"https:\/\/www.nucapsnanotechnology.com\/es\/wp-json\/wp\/v2\/users\/1"}],"replies":[{"embeddable":true,"href":"https:\/\/www.nucapsnanotechnology.com\/es\/wp-json\/wp\/v2\/comments?post=2055"}],"version-history":[{"count":7,"href":"https:\/\/www.nucapsnanotechnology.com\/es\/wp-json\/wp\/v2\/pages\/2055\/revisions"}],"predecessor-version":[{"id":3518,"href":"https:\/\/www.nucapsnanotechnology.com\/es\/wp-json\/wp\/v2\/pages\/2055\/revisions\/3518"}],"wp:attachment":[{"href":"https:\/\/www.nucapsnanotechnology.com\/es\/wp-json\/wp\/v2\/media?parent=2055"}],"curies":[{"name":"wp","href":"https:\/\/api.w.org\/{rel}","templated":true}]}}