{"id":2073,"date":"2024-07-03T12:22:42","date_gmt":"2024-07-03T12:22:42","guid":{"rendered":"https:\/\/www.nucapsnanotechnology.com\/?page_id=2073"},"modified":"2026-03-18T12:52:33","modified_gmt":"2026-03-18T12:52:33","slug":"contacto","status":"publish","type":"page","link":"https:\/\/www.nucapsnanotechnology.com\/es\/contacto\/","title":{"rendered":"Contacto"},"content":{"rendered":"\n<p>\u00bfNecesita m\u00e1s informaci\u00f3n? Complete el formulario de contacto y nos comunicaremos con usted en los pr\u00f3ximos d\u00edas.<\/p>\n\n\n\n<p><\/p>\n\n\n\n<div class=\"wpcf7 no-js\" id=\"wpcf7-f2168-o1\" lang=\"es-ES\" dir=\"ltr\" data-wpcf7-id=\"2168\">\n<div class=\"screen-reader-response\"><p role=\"status\" aria-live=\"polite\" aria-atomic=\"true\"><\/p> <ul><\/ul><\/div>\n<form action=\"\/es\/wp-json\/wp\/v2\/pages\/2073#wpcf7-f2168-o1\" method=\"post\" class=\"wpcf7-form init\" aria-label=\"Formulario de contacto\" novalidate=\"novalidate\" data-status=\"init\">\n<fieldset class=\"hidden-fields-container\"><input type=\"hidden\" name=\"_wpcf7\" value=\"2168\" \/><input type=\"hidden\" name=\"_wpcf7_version\" value=\"6.1.5\" \/><input type=\"hidden\" name=\"_wpcf7_locale\" value=\"es_ES\" \/><input type=\"hidden\" name=\"_wpcf7_unit_tag\" value=\"wpcf7-f2168-o1\" \/><input type=\"hidden\" name=\"_wpcf7_container_post\" value=\"0\" \/><input type=\"hidden\" name=\"_wpcf7_posted_data_hash\" value=\"\" \/><input type=\"hidden\" name=\"_wpcf7_recaptcha_response\" value=\"\" \/>\n<\/fieldset>\n<p><label>Nombre*<br \/>\n<span class=\"wpcf7-form-control-wrap\" data-name=\"your-name\"><input size=\"40\" maxlength=\"400\" class=\"wpcf7-form-control wpcf7-text wpcf7-validates-as-required\" aria-required=\"true\" aria-invalid=\"false\" placeholder=\"\" value=\"\" type=\"text\" name=\"your-name\" \/><\/span> <\/label>\n<\/p>\n<p><label>Apellido*<br \/>\n<span class=\"wpcf7-form-control-wrap\" data-name=\"your-apellido\"><input size=\"40\" maxlength=\"400\" class=\"wpcf7-form-control wpcf7-text wpcf7-validates-as-required\" aria-required=\"true\" aria-invalid=\"false\" placeholder=\"\" value=\"\" type=\"text\" name=\"your-apellido\" \/><\/span> <\/label>\n<\/p>\n<p><label>Tel\u00e9fono<br \/>\n<span class=\"wpcf7-form-control-wrap\" data-name=\"your-phone\"><input size=\"40\" maxlength=\"400\" class=\"wpcf7-form-control wpcf7-text\" aria-invalid=\"false\" placeholder=\"\" value=\"\" type=\"text\" name=\"your-phone\" \/><\/span> <\/label>\n<\/p>\n<p><label>E-mail*<br \/>\n<span class=\"wpcf7-form-control-wrap\" data-name=\"your-email\"><input size=\"40\" maxlength=\"400\" class=\"wpcf7-form-control wpcf7-email wpcf7-validates-as-required wpcf7-text wpcf7-validates-as-email\" aria-required=\"true\" aria-invalid=\"false\" placeholder=\"\" value=\"\" type=\"email\" name=\"your-email\" \/><\/span> <\/label>\n<\/p>\n<p><label style=\"width:100%;float:left;margin-top:1em;\">\u00bfEn qu\u00e9 podemos ayudarte?:<br \/>\n<span class=\"wpcf7-form-control-wrap\" data-name=\"opciones\"><select class=\"wpcf7-form-control wpcf7-select\" aria-invalid=\"false\" name=\"opciones\"><option value=\"Producto\">Producto<\/option><option value=\"Servicio\">Servicio<\/option><option value=\"Reclutamiento\">Reclutamiento<\/option><\/select><\/span><br \/>\n<\/label>\n<\/p>\n<p><label>Mensaje<br \/>\n<span class=\"wpcf7-form-control-wrap\" data-name=\"your-message\"><textarea cols=\"40\" rows=\"10\" maxlength=\"2000\" class=\"wpcf7-form-control wpcf7-textarea\" aria-invalid=\"false\" placeholder=\"\" name=\"your-message\"><\/textarea><\/span> <\/label>\n<\/p>\n<p><label><br \/>\n<span class=\"wpcf7-form-control-wrap\" data-name=\"termino\"><span class=\"wpcf7-form-control wpcf7-acceptance\"><span class=\"wpcf7-list-item\"><input type=\"checkbox\" name=\"termino\" value=\"1\" aria-invalid=\"false\" \/><\/span><\/span><\/span> <span style=\"text-transform:initial\">Acepto <a href=\"https:\/\/www.nucapsnanotechnology.com\/es\/politica-privacidad\/\" target=\"_blank\">la pol\u00edtica de privacidad<\/a>.<\/span><\/label>\n<\/p>\n<p><input class=\"wpcf7-form-control wpcf7-submit has-spinner\" type=\"submit\" value=\"ENV\u00cdAR\" \/>\n<\/p><div class=\"wpcf7-response-output\" aria-hidden=\"true\"><\/div>\n<\/form>\n<\/div>\n\n","protected":false},"excerpt":{"rendered":"<p>\u00bfNecesita m\u00e1s informaci\u00f3n? Complete el formulario de contacto y nos comunicaremos con usted en los pr\u00f3ximos d\u00edas.<\/p>\n","protected":false},"author":1,"featured_media":0,"parent":0,"menu_order":6,"comment_status":"closed","ping_status":"closed","template":"templates\/contacto.php","meta":{"_acf_changed":false,"inline_featured_image":false,"footnotes":""},"class_list":["post-2073","page","type-page","status-publish","hentry"],"acf":[],"yoast_head":"<!-- This site is optimized with the Yoast SEO plugin v27.2 - https:\/\/yoast.com\/product\/yoast-seo-wordpress\/ -->\n<title>Contacto - Nucaps. Health inside<\/title>\n<meta name=\"robots\" content=\"index, follow, max-snippet:-1, max-image-preview:large, max-video-preview:-1\" \/>\n<link rel=\"canonical\" href=\"https:\/\/www.nucapsnanotechnology.com\/contact\/\" \/>\n<meta property=\"og:locale\" content=\"es_ES\" \/>\n<meta property=\"og:type\" content=\"article\" \/>\n<meta property=\"og:title\" content=\"Contacto - Nucaps. Health inside\" \/>\n<meta property=\"og:description\" content=\"\u00bfNecesita m\u00e1s informaci\u00f3n? Complete el formulario de contacto y nos comunicaremos con usted en los pr\u00f3ximos d\u00edas.\" \/>\n<meta property=\"og:url\" content=\"https:\/\/www.nucapsnanotechnology.com\/contact\/\" \/>\n<meta property=\"og:site_name\" content=\"Nucaps. Health inside\" \/>\n<meta property=\"article:publisher\" content=\"https:\/\/www.facebook.com\/nucaps.nanotecnologia\" \/>\n<meta property=\"article:modified_time\" content=\"2026-03-18T12:52:33+00:00\" \/>\n<meta property=\"og:image\" content=\"https:\/\/www.nucapsnanotechnology.com\/wp-content\/uploads\/2023\/02\/screenshot.png\" \/>\n\t<meta property=\"og:image:width\" content=\"1200\" \/>\n\t<meta property=\"og:image:height\" content=\"900\" \/>\n\t<meta property=\"og:image:type\" content=\"image\/png\" \/>\n<meta name=\"twitter:card\" content=\"summary_large_image\" \/>\n<meta name=\"twitter:site\" content=\"@nucaps_nano\" \/>\n<script type=\"application\/ld+json\" class=\"yoast-schema-graph\">{\"@context\":\"https:\/\/schema.org\",\"@graph\":[{\"@type\":\"WebPage\",\"@id\":\"https:\/\/www.nucapsnanotechnology.com\/contact\/\",\"url\":\"https:\/\/www.nucapsnanotechnology.com\/contact\/\",\"name\":\"Contacto - Nucaps. Health inside\",\"isPartOf\":{\"@id\":\"https:\/\/www.nucapsnanotechnology.com\/#website\"},\"datePublished\":\"2024-07-03T12:22:42+00:00\",\"dateModified\":\"2026-03-18T12:52:33+00:00\",\"breadcrumb\":{\"@id\":\"https:\/\/www.nucapsnanotechnology.com\/contact\/#breadcrumb\"},\"inLanguage\":\"es\",\"potentialAction\":[{\"@type\":\"ReadAction\",\"target\":[\"https:\/\/www.nucapsnanotechnology.com\/contact\/\"]}]},{\"@type\":\"BreadcrumbList\",\"@id\":\"https:\/\/www.nucapsnanotechnology.com\/contact\/#breadcrumb\",\"itemListElement\":[{\"@type\":\"ListItem\",\"position\":1,\"name\":\"Portada\",\"item\":\"https:\/\/www.nucapsnanotechnology.com\/es\/\"},{\"@type\":\"ListItem\",\"position\":2,\"name\":\"Contacto\"}]},{\"@type\":\"WebSite\",\"@id\":\"https:\/\/www.nucapsnanotechnology.com\/#website\",\"url\":\"https:\/\/www.nucapsnanotechnology.com\/\",\"name\":\"Nucaps. Health inside\",\"description\":\"Natural Nanotechnology for Nutrition and Health\",\"potentialAction\":[{\"@type\":\"SearchAction\",\"target\":{\"@type\":\"EntryPoint\",\"urlTemplate\":\"https:\/\/www.nucapsnanotechnology.com\/?s={search_term_string}\"},\"query-input\":{\"@type\":\"PropertyValueSpecification\",\"valueRequired\":true,\"valueName\":\"search_term_string\"}}],\"inLanguage\":\"es\"}]}<\/script>\n<!-- \/ Yoast SEO plugin. -->","yoast_head_json":{"title":"Contacto - Nucaps. Health inside","robots":{"index":"index","follow":"follow","max-snippet":"max-snippet:-1","max-image-preview":"max-image-preview:large","max-video-preview":"max-video-preview:-1"},"canonical":"https:\/\/www.nucapsnanotechnology.com\/contact\/","og_locale":"es_ES","og_type":"article","og_title":"Contacto - Nucaps. Health inside","og_description":"\u00bfNecesita m\u00e1s informaci\u00f3n? Complete el formulario de contacto y nos comunicaremos con usted en los pr\u00f3ximos d\u00edas.","og_url":"https:\/\/www.nucapsnanotechnology.com\/contact\/","og_site_name":"Nucaps. Health inside","article_publisher":"https:\/\/www.facebook.com\/nucaps.nanotecnologia","article_modified_time":"2026-03-18T12:52:33+00:00","og_image":[{"width":1200,"height":900,"url":"https:\/\/www.nucapsnanotechnology.com\/wp-content\/uploads\/2023\/02\/screenshot.png","type":"image\/png"}],"twitter_card":"summary_large_image","twitter_site":"@nucaps_nano","schema":{"@context":"https:\/\/schema.org","@graph":[{"@type":"WebPage","@id":"https:\/\/www.nucapsnanotechnology.com\/contact\/","url":"https:\/\/www.nucapsnanotechnology.com\/contact\/","name":"Contacto - Nucaps. Health inside","isPartOf":{"@id":"https:\/\/www.nucapsnanotechnology.com\/#website"},"datePublished":"2024-07-03T12:22:42+00:00","dateModified":"2026-03-18T12:52:33+00:00","breadcrumb":{"@id":"https:\/\/www.nucapsnanotechnology.com\/contact\/#breadcrumb"},"inLanguage":"es","potentialAction":[{"@type":"ReadAction","target":["https:\/\/www.nucapsnanotechnology.com\/contact\/"]}]},{"@type":"BreadcrumbList","@id":"https:\/\/www.nucapsnanotechnology.com\/contact\/#breadcrumb","itemListElement":[{"@type":"ListItem","position":1,"name":"Portada","item":"https:\/\/www.nucapsnanotechnology.com\/es\/"},{"@type":"ListItem","position":2,"name":"Contacto"}]},{"@type":"WebSite","@id":"https:\/\/www.nucapsnanotechnology.com\/#website","url":"https:\/\/www.nucapsnanotechnology.com\/","name":"Nucaps. Health inside","description":"Natural Nanotechnology for Nutrition and Health","potentialAction":[{"@type":"SearchAction","target":{"@type":"EntryPoint","urlTemplate":"https:\/\/www.nucapsnanotechnology.com\/?s={search_term_string}"},"query-input":{"@type":"PropertyValueSpecification","valueRequired":true,"valueName":"search_term_string"}}],"inLanguage":"es"}]}},"_links":{"self":[{"href":"https:\/\/www.nucapsnanotechnology.com\/es\/wp-json\/wp\/v2\/pages\/2073","targetHints":{"allow":["GET"]}}],"collection":[{"href":"https:\/\/www.nucapsnanotechnology.com\/es\/wp-json\/wp\/v2\/pages"}],"about":[{"href":"https:\/\/www.nucapsnanotechnology.com\/es\/wp-json\/wp\/v2\/types\/page"}],"author":[{"embeddable":true,"href":"https:\/\/www.nucapsnanotechnology.com\/es\/wp-json\/wp\/v2\/users\/1"}],"replies":[{"embeddable":true,"href":"https:\/\/www.nucapsnanotechnology.com\/es\/wp-json\/wp\/v2\/comments?post=2073"}],"version-history":[{"count":11,"href":"https:\/\/www.nucapsnanotechnology.com\/es\/wp-json\/wp\/v2\/pages\/2073\/revisions"}],"predecessor-version":[{"id":3618,"href":"https:\/\/www.nucapsnanotechnology.com\/es\/wp-json\/wp\/v2\/pages\/2073\/revisions\/3618"}],"wp:attachment":[{"href":"https:\/\/www.nucapsnanotechnology.com\/es\/wp-json\/wp\/v2\/media?parent=2073"}],"curies":[{"name":"wp","href":"https:\/\/api.w.org\/{rel}","templated":true}]}}