{"id":2556,"date":"2026-01-30T10:58:35","date_gmt":"2026-01-30T10:58:35","guid":{"rendered":"https:\/\/www.nucapsnanotechnology.com\/applications\/skin-health\/"},"modified":"2026-04-07T10:09:21","modified_gmt":"2026-04-07T10:09:21","slug":"piel-y-salud","status":"publish","type":"page","link":"https:\/\/www.nucapsnanotechnology.com\/es\/aplicaciones\/piel-y-salud\/","title":{"rendered":"Piel y salud"},"content":{"rendered":"\n<h2 class=\"wp-block-heading\">Cada industria tiene desafios \u00fanicos.<br>Nuestras&nbsp;microc\u00e1psulas de prote\u00edna <strong>PowerCaps3<\/strong><br>permiten la incorporaci\u00f3n de nutrientes y compuestos<br>activos de manera estable, con etiquetado limpio<br>y costes competitivos.<\/h2>\n\n\n\n<p><\/p>\n","protected":false},"excerpt":{"rendered":"<p>Cada industria tiene desafios \u00fanicos.Nuestras&nbsp;microc\u00e1psulas de prote\u00edna PowerCaps3permiten la incorporaci\u00f3n de nutrientes y compuestosactivos de manera estable, con etiquetado limpioy costes competitivos.<\/p>\n","protected":false},"author":1,"featured_media":0,"parent":2547,"menu_order":4,"comment_status":"closed","ping_status":"closed","template":"templates\/aplicaciones.php","meta":{"_acf_changed":false,"inline_featured_image":false,"footnotes":""},"class_list":["post-2556","page","type-page","status-publish","hentry"],"acf":[],"yoast_head":"<!-- This site is optimized with the Yoast SEO plugin v27.5 - https:\/\/yoast.com\/product\/yoast-seo-wordpress\/ -->\n<title>Piel y salud - Nucaps. Health inside<\/title>\n<meta name=\"robots\" content=\"index, follow, max-snippet:-1, max-image-preview:large, max-video-preview:-1\" \/>\n<link rel=\"canonical\" href=\"https:\/\/www.nucapsnanotechnology.com\/es\/aplicaciones\/piel-y-salud\/\" \/>\n<meta property=\"og:locale\" content=\"es_ES\" \/>\n<meta property=\"og:type\" content=\"article\" \/>\n<meta property=\"og:title\" content=\"Piel y salud - Nucaps. Health inside\" \/>\n<meta property=\"og:description\" content=\"Cada industria tiene desafios \u00fanicos.Nuestras&nbsp;microc\u00e1psulas de prote\u00edna PowerCaps3permiten la incorporaci\u00f3n de nutrientes y compuestosactivos de manera estable, con etiquetado limpioy costes competitivos.\" \/>\n<meta property=\"og:url\" content=\"https:\/\/www.nucapsnanotechnology.com\/es\/aplicaciones\/piel-y-salud\/\" \/>\n<meta property=\"og:site_name\" content=\"Nucaps. Health inside\" \/>\n<meta property=\"article:publisher\" content=\"https:\/\/www.facebook.com\/nucaps.nanotecnologia\" \/>\n<meta property=\"article:modified_time\" content=\"2026-04-07T10:09:21+00:00\" \/>\n<meta property=\"og:image\" content=\"https:\/\/www.nucapsnanotechnology.com\/wp-content\/uploads\/2023\/02\/screenshot.png\" \/>\n\t<meta property=\"og:image:width\" content=\"1200\" \/>\n\t<meta property=\"og:image:height\" content=\"900\" \/>\n\t<meta property=\"og:image:type\" content=\"image\/png\" \/>\n<meta name=\"twitter:card\" content=\"summary_large_image\" \/>\n<meta name=\"twitter:site\" content=\"@nucaps_nano\" \/>\n<meta name=\"twitter:label1\" content=\"Tiempo de lectura\" \/>\n\t<meta name=\"twitter:data1\" content=\"1 minuto\" \/>\n<script type=\"application\/ld+json\" class=\"yoast-schema-graph\">{\"@context\":\"https:\\\/\\\/schema.org\",\"@graph\":[{\"@type\":\"WebPage\",\"@id\":\"https:\\\/\\\/www.nucapsnanotechnology.com\\\/es\\\/aplicaciones\\\/piel-y-salud\\\/\",\"url\":\"https:\\\/\\\/www.nucapsnanotechnology.com\\\/es\\\/aplicaciones\\\/piel-y-salud\\\/\",\"name\":\"Piel y salud - Nucaps. Health inside\",\"isPartOf\":{\"@id\":\"https:\\\/\\\/www.nucapsnanotechnology.com\\\/#website\"},\"datePublished\":\"2026-01-30T10:58:35+00:00\",\"dateModified\":\"2026-04-07T10:09:21+00:00\",\"breadcrumb\":{\"@id\":\"https:\\\/\\\/www.nucapsnanotechnology.com\\\/es\\\/aplicaciones\\\/piel-y-salud\\\/#breadcrumb\"},\"inLanguage\":\"es\",\"potentialAction\":[{\"@type\":\"ReadAction\",\"target\":[\"https:\\\/\\\/www.nucapsnanotechnology.com\\\/es\\\/aplicaciones\\\/piel-y-salud\\\/\"]}]},{\"@type\":\"BreadcrumbList\",\"@id\":\"https:\\\/\\\/www.nucapsnanotechnology.com\\\/es\\\/aplicaciones\\\/piel-y-salud\\\/#breadcrumb\",\"itemListElement\":[{\"@type\":\"ListItem\",\"position\":1,\"name\":\"Portada\",\"item\":\"https:\\\/\\\/www.nucapsnanotechnology.com\\\/es\\\/\"},{\"@type\":\"ListItem\",\"position\":2,\"name\":\"Aplicaciones\",\"item\":\"https:\\\/\\\/www.nucapsnanotechnology.com\\\/es\\\/aplicaciones\\\/\"},{\"@type\":\"ListItem\",\"position\":3,\"name\":\"Piel y salud\"}]},{\"@type\":\"WebSite\",\"@id\":\"https:\\\/\\\/www.nucapsnanotechnology.com\\\/#website\",\"url\":\"https:\\\/\\\/www.nucapsnanotechnology.com\\\/\",\"name\":\"Nucaps. Health inside\",\"description\":\"Natural Nanotechnology for Nutrition and Health\",\"potentialAction\":[{\"@type\":\"SearchAction\",\"target\":{\"@type\":\"EntryPoint\",\"urlTemplate\":\"https:\\\/\\\/www.nucapsnanotechnology.com\\\/?s={search_term_string}\"},\"query-input\":{\"@type\":\"PropertyValueSpecification\",\"valueRequired\":true,\"valueName\":\"search_term_string\"}}],\"inLanguage\":\"es\"}]}<\/script>\n<!-- \/ Yoast SEO plugin. -->","yoast_head_json":{"title":"Piel y salud - Nucaps. Health inside","robots":{"index":"index","follow":"follow","max-snippet":"max-snippet:-1","max-image-preview":"max-image-preview:large","max-video-preview":"max-video-preview:-1"},"canonical":"https:\/\/www.nucapsnanotechnology.com\/es\/aplicaciones\/piel-y-salud\/","og_locale":"es_ES","og_type":"article","og_title":"Piel y salud - Nucaps. Health inside","og_description":"Cada industria tiene desafios \u00fanicos.Nuestras&nbsp;microc\u00e1psulas de prote\u00edna PowerCaps3permiten la incorporaci\u00f3n de nutrientes y compuestosactivos de manera estable, con etiquetado limpioy costes competitivos.","og_url":"https:\/\/www.nucapsnanotechnology.com\/es\/aplicaciones\/piel-y-salud\/","og_site_name":"Nucaps. Health inside","article_publisher":"https:\/\/www.facebook.com\/nucaps.nanotecnologia","article_modified_time":"2026-04-07T10:09:21+00:00","og_image":[{"width":1200,"height":900,"url":"https:\/\/www.nucapsnanotechnology.com\/wp-content\/uploads\/2023\/02\/screenshot.png","type":"image\/png"}],"twitter_card":"summary_large_image","twitter_site":"@nucaps_nano","twitter_misc":{"Tiempo de lectura":"1 minuto"},"schema":{"@context":"https:\/\/schema.org","@graph":[{"@type":"WebPage","@id":"https:\/\/www.nucapsnanotechnology.com\/es\/aplicaciones\/piel-y-salud\/","url":"https:\/\/www.nucapsnanotechnology.com\/es\/aplicaciones\/piel-y-salud\/","name":"Piel y salud - Nucaps. Health inside","isPartOf":{"@id":"https:\/\/www.nucapsnanotechnology.com\/#website"},"datePublished":"2026-01-30T10:58:35+00:00","dateModified":"2026-04-07T10:09:21+00:00","breadcrumb":{"@id":"https:\/\/www.nucapsnanotechnology.com\/es\/aplicaciones\/piel-y-salud\/#breadcrumb"},"inLanguage":"es","potentialAction":[{"@type":"ReadAction","target":["https:\/\/www.nucapsnanotechnology.com\/es\/aplicaciones\/piel-y-salud\/"]}]},{"@type":"BreadcrumbList","@id":"https:\/\/www.nucapsnanotechnology.com\/es\/aplicaciones\/piel-y-salud\/#breadcrumb","itemListElement":[{"@type":"ListItem","position":1,"name":"Portada","item":"https:\/\/www.nucapsnanotechnology.com\/es\/"},{"@type":"ListItem","position":2,"name":"Aplicaciones","item":"https:\/\/www.nucapsnanotechnology.com\/es\/aplicaciones\/"},{"@type":"ListItem","position":3,"name":"Piel y salud"}]},{"@type":"WebSite","@id":"https:\/\/www.nucapsnanotechnology.com\/#website","url":"https:\/\/www.nucapsnanotechnology.com\/","name":"Nucaps. Health inside","description":"Natural Nanotechnology for Nutrition and Health","potentialAction":[{"@type":"SearchAction","target":{"@type":"EntryPoint","urlTemplate":"https:\/\/www.nucapsnanotechnology.com\/?s={search_term_string}"},"query-input":{"@type":"PropertyValueSpecification","valueRequired":true,"valueName":"search_term_string"}}],"inLanguage":"es"}]}},"_links":{"self":[{"href":"https:\/\/www.nucapsnanotechnology.com\/es\/wp-json\/wp\/v2\/pages\/2556","targetHints":{"allow":["GET"]}}],"collection":[{"href":"https:\/\/www.nucapsnanotechnology.com\/es\/wp-json\/wp\/v2\/pages"}],"about":[{"href":"https:\/\/www.nucapsnanotechnology.com\/es\/wp-json\/wp\/v2\/types\/page"}],"author":[{"embeddable":true,"href":"https:\/\/www.nucapsnanotechnology.com\/es\/wp-json\/wp\/v2\/users\/1"}],"replies":[{"embeddable":true,"href":"https:\/\/www.nucapsnanotechnology.com\/es\/wp-json\/wp\/v2\/comments?post=2556"}],"version-history":[{"count":10,"href":"https:\/\/www.nucapsnanotechnology.com\/es\/wp-json\/wp\/v2\/pages\/2556\/revisions"}],"predecessor-version":[{"id":3657,"href":"https:\/\/www.nucapsnanotechnology.com\/es\/wp-json\/wp\/v2\/pages\/2556\/revisions\/3657"}],"up":[{"embeddable":true,"href":"https:\/\/www.nucapsnanotechnology.com\/es\/wp-json\/wp\/v2\/pages\/2547"}],"wp:attachment":[{"href":"https:\/\/www.nucapsnanotechnology.com\/es\/wp-json\/wp\/v2\/media?parent=2556"}],"curies":[{"name":"wp","href":"https:\/\/api.w.org\/{rel}","templated":true}]}}